{"id":3258,"date":"2025-11-05T22:16:11","date_gmt":"2025-11-05T21:16:11","guid":{"rendered":"https:\/\/hartizanedesign.com\/produit\/rapsody-banc\/"},"modified":"2025-11-16T17:07:53","modified_gmt":"2025-11-16T16:07:53","slug":"rapsody-banc","status":"publish","type":"product","link":"https:\/\/hartizan.hicham.agency\/fr\/produit\/rapsody-banc\/","title":{"rendered":"Rapsody"},"content":{"rendered":"<p>Un si\u00e8ge con\u00e7u pour le confort absolu<\/p>\n<p>Le banc RAPSODY incarne l'art du confort ma\u00eetris\u00e9, gr\u00e2ce \u00e0 un rembourrage haut de gamme qui combine MG 4000, mousse HR\/4 italienne, flexibilit\u00e9 D22\/1 et un g\u00e9n\u00e9reux ouate de 150 g. Cette composition technique offre un soutien \u00e9quilibr\u00e9 et une assise enveloppante, id\u00e9ale pour de longs moments de d\u00e9tente. Son design simple mais r\u00e9fl\u00e9chi en fait un \u00e9l\u00e9ment polyvalent, tout aussi pratique dans une entr\u00e9e, au pied du lit ou autour d'une table. Chaque d\u00e9tail a \u00e9t\u00e9 con\u00e7u pour offrir une sensation de confort imm\u00e9diat, tout en conf\u00e9rant \u00e0 l'espace une touche de raffinement subtil ; les pieds en bois massif, rehauss\u00e9s d'une finition teint\u00e9e noyer, apportent au banc une pr\u00e9sence chaleureuse et affirm\u00e9e. Sa teinte profonde se marie parfaitement avec les mat\u00e9riaux naturels et les couleurs terre. Pour un am\u00e9nagement r\u00e9ussi, Combinez ce banc avec un tapis en jute tress\u00e9, ou placez-le devant un mur d\u00e9cor\u00e9 de papier peint textur\u00e9 ou d'un cadre en bois vieilli. Vous pouvez \u00e9galement le recouvrir de coussins en lin lav\u00e9, ou l'accompagner d'un panier en osier pour cr\u00e9er une ambiance douce et authentique. Le banc RAPSODY devient ainsi un \u00e9l\u00e9ment d\u00e9coratif \u00e0 part enti\u00e8re, alliant esth\u00e9tisme et utilit\u00e9 avec grand succ\u00e8s.<\/p>","protected":false},"excerpt":{"rendered":"<p>Un si\u00e8ge con\u00e7u pour le confort absolu<\/p>\n<p>Le banc RAPSODY incarne l'art du confort ma\u00eetris\u00e9, gr\u00e2ce \u00e0 un rembourrage haut de gamme qui combine MG 4000, mousse HR\/4 italienne, flexibilit\u00e9 D22\/1 et un g\u00e9n\u00e9reux ouate de 150 g. Cette composition technique offre un soutien \u00e9quilibr\u00e9 et une assise enveloppante, id\u00e9ale pour de longs moments de d\u00e9tente. Son design simple mais r\u00e9fl\u00e9chi en fait un \u00e9l\u00e9ment polyvalent, tout aussi pratique dans une entr\u00e9e, au pied du lit ou autour d'une table. Chaque d\u00e9tail a \u00e9t\u00e9 con\u00e7u pour offrir une sensation de confort imm\u00e9diat, tout en conf\u00e9rant \u00e0 l'espace une touche de raffinement subtil ; les pieds en bois massif, rehauss\u00e9s d'une finition teint\u00e9e noyer, apportent au banc une pr\u00e9sence chaleureuse et affirm\u00e9e. Sa teinte profonde se marie parfaitement avec les mat\u00e9riaux naturels et les couleurs terre. Pour un am\u00e9nagement r\u00e9ussi, Combinez ce banc avec un tapis en jute tress\u00e9, ou placez-le devant un mur d\u00e9cor\u00e9 de papier peint textur\u00e9 ou d'un cadre en bois vieilli. Vous pouvez \u00e9galement le recouvrir de coussins en lin lav\u00e9, ou l'accompagner d'un panier en osier pour cr\u00e9er une ambiance douce et authentique. Le banc RAPSODY devient ainsi un \u00e9l\u00e9ment d\u00e9coratif \u00e0 part enti\u00e8re, alliant esth\u00e9tisme et utilit\u00e9 avec grand succ\u00e8s.<\/p>","protected":false},"featured_media":3556,"template":"","meta":[],"product_brand":[],"product_cat":[241],"product_tag":[],"class_list":{"0":"post-3258","1":"product","2":"type-product","3":"status-publish","4":"has-post-thumbnail","6":"product_cat-bench","8":"first","9":"instock","10":"taxable","11":"shipping-taxable","12":"purchasable","13":"product-type-variable"},"_links":{"self":[{"href":"https:\/\/hartizan.hicham.agency\/fr\/wp-json\/wp\/v2\/product\/3258","targetHints":{"allow":["GET"]}}],"collection":[{"href":"https:\/\/hartizan.hicham.agency\/fr\/wp-json\/wp\/v2\/product"}],"about":[{"href":"https:\/\/hartizan.hicham.agency\/fr\/wp-json\/wp\/v2\/types\/product"}],"version-history":[{"count":4,"href":"https:\/\/hartizan.hicham.agency\/fr\/wp-json\/wp\/v2\/product\/3258\/revisions"}],"predecessor-version":[{"id":3559,"href":"https:\/\/hartizan.hicham.agency\/fr\/wp-json\/wp\/v2\/product\/3258\/revisions\/3559"}],"wp:featuredmedia":[{"embeddable":true,"href":"https:\/\/hartizan.hicham.agency\/fr\/wp-json\/wp\/v2\/media\/3556"}],"wp:attachment":[{"href":"https:\/\/hartizan.hicham.agency\/fr\/wp-json\/wp\/v2\/media?parent=3258"}],"wp:term":[{"taxonomy":"product_brand","embeddable":true,"href":"https:\/\/hartizan.hicham.agency\/fr\/wp-json\/wp\/v2\/product_brand?post=3258"},{"taxonomy":"product_cat","embeddable":true,"href":"https:\/\/hartizan.hicham.agency\/fr\/wp-json\/wp\/v2\/product_cat?post=3258"},{"taxonomy":"product_tag","embeddable":true,"href":"https:\/\/hartizan.hicham.agency\/fr\/wp-json\/wp\/v2\/product_tag?post=3258"}],"curies":[{"name":"wp","href":"https:\/\/api.w.org\/{rel}","templated":true}]}}