{"id":3260,"date":"2025-11-05T22:16:12","date_gmt":"2025-11-05T21:16:12","guid":{"rendered":"https:\/\/hartizanedesign.com\/produit\/zen-gm-canape-4-places-280-cm\/"},"modified":"2025-11-23T13:27:16","modified_gmt":"2025-11-23T12:27:16","slug":"zen-gm-canape-4-places-280-cm","status":"publish","type":"product","link":"https:\/\/hartizan.hicham.agency\/fr\/produit\/zen-gm-canape-4-places-280-cm\/","title":{"rendered":"Zen GM"},"content":{"rendered":"<p>Confort Absolu et \u00c9l\u00e9gance<\/p>\n<p>Le canap\u00e9 3 places Zen de 280 cm incarne le luxe et la d\u00e9tente \u00e0 leur plus haut niveau.\nGr\u00e2ce \u00e0 son rembourrage de haute qualit\u00e9 en mousse MG 4000, il allie souplesse et soutien, offrant une assise d\u2019un confort exceptionnel.\nSon garnissage en ouate et en plumes ajoute une touche de douceur incomparable, tandis que le tissu en lin conf\u00e8re \u00e0 l\u2019ensemble une texture naturelle et raffin\u00e9e.\n\nAvec ses 10 coussins inclus, le Zen promet un confort sur mesure, id\u00e9al pour des moments de relaxation en toute s\u00e9r\u00e9nit\u00e9.\nSa structure en bois massif est un mod\u00e8le de robustesse, con\u00e7ue pour garantir une durabilit\u00e9 remarquable.\nLes sangles \u00e9lastiques entrecrois\u00e9es assurent un soutien optimal, renfor\u00e7ant la long\u00e9vit\u00e9 du canap\u00e9 tout en pr\u00e9servant la souplesse de l\u2019assise, Pour parfaire l\u2019atmosph\u00e8re chaleureuse et harmonieuse de votre int\u00e9rieur, optez pour des tons neutres dans la d\u00e9coration, des rideaux l\u00e9gers, un tapis en jute et quelques touches de verdure mettront en valeur la simplicit\u00e9 et l\u2019\u00e9l\u00e9gance du Zen, cr\u00e9ant ainsi un espace de vie \u00e0 la fois fonctionnel et raffin\u00e9.<\/p>","protected":false},"excerpt":{"rendered":"<p>Confort Absolu et \u00c9l\u00e9gance<\/p>\n<p>Le canap\u00e9 3 places Zen de 280 cm incarne le luxe et la d\u00e9tente \u00e0 leur plus haut niveau.\nGr\u00e2ce \u00e0 son rembourrage de haute qualit\u00e9 en mousse MG 4000, il allie souplesse et soutien, offrant une assise d\u2019un confort exceptionnel.\nSon garnissage en ouate et en plumes ajoute une touche de douceur incomparable, tandis que le tissu en lin conf\u00e8re \u00e0 l\u2019ensemble une texture naturelle et raffin\u00e9e.\n\nAvec ses 10 coussins inclus, le Zen promet un confort sur mesure, id\u00e9al pour des moments de relaxation en toute s\u00e9r\u00e9nit\u00e9.\nSa structure en bois massif est un mod\u00e8le de robustesse, con\u00e7ue pour garantir une durabilit\u00e9 remarquable.\nLes sangles \u00e9lastiques entrecrois\u00e9es assurent un soutien optimal, renfor\u00e7ant la long\u00e9vit\u00e9 du canap\u00e9 tout en pr\u00e9servant la souplesse de l\u2019assise, Pour parfaire l\u2019atmosph\u00e8re chaleureuse et harmonieuse de votre int\u00e9rieur, optez pour des tons neutres dans la d\u00e9coration, des rideaux l\u00e9gers, un tapis en jute et quelques touches de verdure mettront en valeur la simplicit\u00e9 et l\u2019\u00e9l\u00e9gance du Zen, cr\u00e9ant ainsi un espace de vie \u00e0 la fois fonctionnel et raffin\u00e9.<\/p>","protected":false},"featured_media":3555,"template":"","meta":[],"product_brand":[],"product_cat":[239],"product_tag":[],"class_list":{"0":"post-3260","1":"product","2":"type-product","3":"status-publish","4":"has-post-thumbnail","6":"product_cat-canape","8":"first","9":"instock","10":"taxable","11":"shipping-taxable","12":"purchasable","13":"product-type-variable"},"_links":{"self":[{"href":"https:\/\/hartizan.hicham.agency\/fr\/wp-json\/wp\/v2\/product\/3260","targetHints":{"allow":["GET"]}}],"collection":[{"href":"https:\/\/hartizan.hicham.agency\/fr\/wp-json\/wp\/v2\/product"}],"about":[{"href":"https:\/\/hartizan.hicham.agency\/fr\/wp-json\/wp\/v2\/types\/product"}],"version-history":[{"count":4,"href":"https:\/\/hartizan.hicham.agency\/fr\/wp-json\/wp\/v2\/product\/3260\/revisions"}],"predecessor-version":[{"id":3552,"href":"https:\/\/hartizan.hicham.agency\/fr\/wp-json\/wp\/v2\/product\/3260\/revisions\/3552"}],"wp:featuredmedia":[{"embeddable":true,"href":"https:\/\/hartizan.hicham.agency\/fr\/wp-json\/wp\/v2\/media\/3555"}],"wp:attachment":[{"href":"https:\/\/hartizan.hicham.agency\/fr\/wp-json\/wp\/v2\/media?parent=3260"}],"wp:term":[{"taxonomy":"product_brand","embeddable":true,"href":"https:\/\/hartizan.hicham.agency\/fr\/wp-json\/wp\/v2\/product_brand?post=3260"},{"taxonomy":"product_cat","embeddable":true,"href":"https:\/\/hartizan.hicham.agency\/fr\/wp-json\/wp\/v2\/product_cat?post=3260"},{"taxonomy":"product_tag","embeddable":true,"href":"https:\/\/hartizan.hicham.agency\/fr\/wp-json\/wp\/v2\/product_tag?post=3260"}],"curies":[{"name":"wp","href":"https:\/\/api.w.org\/{rel}","templated":true}]}}