{"id":3262,"date":"2025-11-05T22:16:13","date_gmt":"2025-11-05T21:16:13","guid":{"rendered":"https:\/\/hartizanedesign.com\/produit\/lucia-gm-fauteuil-1-place\/"},"modified":"2025-11-27T02:34:33","modified_gmt":"2025-11-27T01:34:33","slug":"lucia-gm-fauteuil-1-place","status":"publish","type":"product","link":"https:\/\/hartizan.hicham.agency\/fr\/produit\/lucia-gm-fauteuil-1-place\/","title":{"rendered":"Lucia GM"},"content":{"rendered":"<p>Le Fauteuil Luc\u00eda : Confort et \u00c9l\u00e9gance<br \/>\nD\u00e9couvrez le fauteuil individuel Lucia, une pi\u00e8ce qui allie parfaitement confort et style.\nSa structure en bois massif garantit une solidit\u00e9 et une durabilit\u00e9 exceptionnelles.\nLes sangles \u00e9lastiques entrecrois\u00e9es assurent une assise r\u00e9sistante, tandis que le rembourrage en mousse HR italienne de densit\u00e9 33, combin\u00e9 \u00e0 des ressorts et de l\u2019ABS, offre un confort in\u00e9gal\u00e9.\n\nRev\u00eatu d\u2019un tissu trait\u00e9 anti-taches, le fauteuil Lucia est \u00e0 la fois pratique et \u00e9l\u00e9gant, id\u00e9al pour un usage quotidien sans compromettre le design.\nLa base en h\u00eatre massif, avec une finition noyer, ajoute une touche de chaleur et de raffinement \u00e0 votre int\u00e9rieur.\n\nPour sublimer ce fauteuil, choisissez des \u00e9l\u00e9ments de d\u00e9coration compl\u00e9mentaires :\nd\u00e9posez un plaid en laine ou en cachemire sur l\u2019accoudoir pour une touche cosy,\nplacez un tapis aux tons neutres ou unis sous le fauteuil pour cr\u00e9er un contraste harmonieux avec la finition noyer,\najoutez une table d\u2019appoint en m\u00e9tal ou en verre \u00e0 c\u00f4t\u00e9 du fauteuil pour un look contemporain et fonctionnel.\nEnfin, compl\u00e9tez la d\u00e9coration avec une lampe sur pied \u00e9l\u00e9gante afin d\u2019apporter une lumi\u00e8re douce et chaleureuse, transformant ainsi votre espace en un coin lecture ou d\u00e9tente parfait.<\/p>","protected":false},"excerpt":{"rendered":"<p>Le Fauteuil Luc\u00eda : Confort et \u00c9l\u00e9gance<br \/>\nD\u00e9couvrez le fauteuil individuel Lucia, une pi\u00e8ce qui allie parfaitement confort et style.\nSa structure en bois massif garantit une solidit\u00e9 et une durabilit\u00e9 exceptionnelles.\nLes sangles \u00e9lastiques entrecrois\u00e9es assurent une assise r\u00e9sistante, tandis que le rembourrage en mousse HR italienne de densit\u00e9 33, combin\u00e9 \u00e0 des ressorts et de l\u2019ABS, offre un confort in\u00e9gal\u00e9.\n\nRev\u00eatu d\u2019un tissu trait\u00e9 anti-taches, le fauteuil Lucia est \u00e0 la fois pratique et \u00e9l\u00e9gant, id\u00e9al pour un usage quotidien sans compromettre le design.\nLa base en h\u00eatre massif, avec une finition noyer, ajoute une touche de chaleur et de raffinement \u00e0 votre int\u00e9rieur.\n\nPour sublimer ce fauteuil, choisissez des \u00e9l\u00e9ments de d\u00e9coration compl\u00e9mentaires :\nd\u00e9posez un plaid en laine ou en cachemire sur l\u2019accoudoir pour une touche cosy,\nplacez un tapis aux tons neutres ou unis sous le fauteuil pour cr\u00e9er un contraste harmonieux avec la finition noyer,\najoutez une table d\u2019appoint en m\u00e9tal ou en verre \u00e0 c\u00f4t\u00e9 du fauteuil pour un look contemporain et fonctionnel.\nEnfin, compl\u00e9tez la d\u00e9coration avec une lampe sur pied \u00e9l\u00e9gante afin d\u2019apporter une lumi\u00e8re douce et chaleureuse, transformant ainsi votre espace en un coin lecture ou d\u00e9tente parfait.<\/p>","protected":false},"featured_media":3546,"template":"","meta":[],"product_brand":[],"product_cat":[240],"product_tag":[],"class_list":{"0":"post-3262","1":"product","2":"type-product","3":"status-publish","4":"has-post-thumbnail","6":"product_cat-fauteuils","8":"first","9":"instock","10":"taxable","11":"shipping-taxable","12":"purchasable","13":"product-type-variable"},"_links":{"self":[{"href":"https:\/\/hartizan.hicham.agency\/fr\/wp-json\/wp\/v2\/product\/3262","targetHints":{"allow":["GET"]}}],"collection":[{"href":"https:\/\/hartizan.hicham.agency\/fr\/wp-json\/wp\/v2\/product"}],"about":[{"href":"https:\/\/hartizan.hicham.agency\/fr\/wp-json\/wp\/v2\/types\/product"}],"version-history":[{"count":4,"href":"https:\/\/hartizan.hicham.agency\/fr\/wp-json\/wp\/v2\/product\/3262\/revisions"}],"predecessor-version":[{"id":3545,"href":"https:\/\/hartizan.hicham.agency\/fr\/wp-json\/wp\/v2\/product\/3262\/revisions\/3545"}],"wp:featuredmedia":[{"embeddable":true,"href":"https:\/\/hartizan.hicham.agency\/fr\/wp-json\/wp\/v2\/media\/3546"}],"wp:attachment":[{"href":"https:\/\/hartizan.hicham.agency\/fr\/wp-json\/wp\/v2\/media?parent=3262"}],"wp:term":[{"taxonomy":"product_brand","embeddable":true,"href":"https:\/\/hartizan.hicham.agency\/fr\/wp-json\/wp\/v2\/product_brand?post=3262"},{"taxonomy":"product_cat","embeddable":true,"href":"https:\/\/hartizan.hicham.agency\/fr\/wp-json\/wp\/v2\/product_cat?post=3262"},{"taxonomy":"product_tag","embeddable":true,"href":"https:\/\/hartizan.hicham.agency\/fr\/wp-json\/wp\/v2\/product_tag?post=3262"}],"curies":[{"name":"wp","href":"https:\/\/api.w.org\/{rel}","templated":true}]}}