{"id":3264,"date":"2025-11-05T22:16:13","date_gmt":"2025-11-05T21:16:13","guid":{"rendered":"https:\/\/hartizanedesign.com\/produit\/nelly-chaise-1-place\/"},"modified":"2025-12-03T15:53:18","modified_gmt":"2025-12-03T14:53:18","slug":"nelly-chaise-1-place","status":"publish","type":"product","link":"https:\/\/hartizan.hicham.agency\/fr\/produit\/nelly-chaise-1-place\/","title":{"rendered":"Nelly test alt"},"content":{"rendered":"<p>Vous cherchez une chaise \u00e9l\u00e9gante et robuste pour compl\u00e9ter la d\u00e9coration de votre salon ? Choisissez la chaise Nely ! Cette chaise en bois massif de h\u00eatre a un aspect majestueux et confortable et peut \u00eatre facilement plac\u00e9e dans la salle \u00e0 manger. Gr\u00e2ce \u00e0 son assise rembourr\u00e9e en mousse HR et \u00e0 son rev\u00eatement en tissu de haute qualit\u00e9, elle est tr\u00e8s pratique.<\/p>","protected":false},"excerpt":{"rendered":"<p>Vous cherchez une chaise \u00e9l\u00e9gante et robuste pour compl\u00e9ter la d\u00e9coration de votre salon ? Choisissez la chaise Nely ! Cette chaise en bois massif de h\u00eatre a un aspect majestueux et confortable et peut \u00eatre facilement plac\u00e9e dans la salle \u00e0 manger. Gr\u00e2ce \u00e0 son assise rembourr\u00e9e en mousse HR et \u00e0 son rev\u00eatement en tissu de haute qualit\u00e9, elle est tr\u00e8s pratique.<\/p>","protected":false},"featured_media":3548,"template":"","meta":[],"product_brand":[],"product_cat":[234],"product_tag":[],"class_list":{"0":"post-3264","1":"product","2":"type-product","3":"status-publish","4":"has-post-thumbnail","6":"product_cat-sillas","8":"first","9":"instock","10":"taxable","11":"shipping-taxable","12":"purchasable","13":"product-type-variable"},"_links":{"self":[{"href":"https:\/\/hartizan.hicham.agency\/fr\/wp-json\/wp\/v2\/product\/3264","targetHints":{"allow":["GET"]}}],"collection":[{"href":"https:\/\/hartizan.hicham.agency\/fr\/wp-json\/wp\/v2\/product"}],"about":[{"href":"https:\/\/hartizan.hicham.agency\/fr\/wp-json\/wp\/v2\/types\/product"}],"version-history":[{"count":6,"href":"https:\/\/hartizan.hicham.agency\/fr\/wp-json\/wp\/v2\/product\/3264\/revisions"}],"predecessor-version":[{"id":3891,"href":"https:\/\/hartizan.hicham.agency\/fr\/wp-json\/wp\/v2\/product\/3264\/revisions\/3891"}],"wp:featuredmedia":[{"embeddable":true,"href":"https:\/\/hartizan.hicham.agency\/fr\/wp-json\/wp\/v2\/media\/3548"}],"wp:attachment":[{"href":"https:\/\/hartizan.hicham.agency\/fr\/wp-json\/wp\/v2\/media?parent=3264"}],"wp:term":[{"taxonomy":"product_brand","embeddable":true,"href":"https:\/\/hartizan.hicham.agency\/fr\/wp-json\/wp\/v2\/product_brand?post=3264"},{"taxonomy":"product_cat","embeddable":true,"href":"https:\/\/hartizan.hicham.agency\/fr\/wp-json\/wp\/v2\/product_cat?post=3264"},{"taxonomy":"product_tag","embeddable":true,"href":"https:\/\/hartizan.hicham.agency\/fr\/wp-json\/wp\/v2\/product_tag?post=3264"}],"curies":[{"name":"wp","href":"https:\/\/api.w.org\/{rel}","templated":true}]}}