{"id":3266,"date":"2025-11-05T22:16:14","date_gmt":"2025-11-05T21:16:14","guid":{"rendered":"https:\/\/hartizanedesign.com\/produit\/kronos-chaise\/"},"modified":"2025-11-23T13:26:02","modified_gmt":"2025-11-23T12:26:02","slug":"kronos-chaise","status":"publish","type":"product","link":"https:\/\/hartizan.hicham.agency\/fr\/produit\/kronos-chaise\/","title":{"rendered":"Kronos"},"content":{"rendered":"<p>Une chaise \u00e9l\u00e9gante et confortable<\/p>\n<p>La chaise KRONOS combine robustesse et raffinement gr\u00e2ce \u00e0 sa structure en bois massif avec finition noyer. Son assise et son dossier, g\u00e9n\u00e9reusement rembourr\u00e9s avec de la mousse de haute qualit\u00e9 MG 4000, D18\/2 et D22\/1, offrent un soutien optimal et un confort durable. Parfaitement \u00e9quilibr\u00e9e entre solidit\u00e9 et flexibilit\u00e9, cette chaise est id\u00e9ale pour de longs repas en compagnie ou pour des moments de d\u00e9tente autour d'une table \u00e9l\u00e9gante.<\/p>","protected":false},"excerpt":{"rendered":"<p>Une chaise \u00e9l\u00e9gante et confortable<\/p>\n<p>La chaise KRONOS combine robustesse et raffinement gr\u00e2ce \u00e0 sa structure en bois massif avec finition noyer. Son assise et son dossier, g\u00e9n\u00e9reusement rembourr\u00e9s avec de la mousse de haute qualit\u00e9 MG 4000, D18\/2 et D22\/1, offrent un soutien optimal et un confort durable. Parfaitement \u00e9quilibr\u00e9e entre solidit\u00e9 et flexibilit\u00e9, cette chaise est id\u00e9ale pour de longs repas en compagnie ou pour des moments de d\u00e9tente autour d'une table \u00e9l\u00e9gante.<\/p>","protected":false},"featured_media":3542,"template":"","meta":[],"product_brand":[],"product_cat":[234],"product_tag":[],"class_list":{"0":"post-3266","1":"product","2":"type-product","3":"status-publish","4":"has-post-thumbnail","6":"product_cat-sillas","8":"first","9":"instock","10":"taxable","11":"shipping-taxable","12":"purchasable","13":"product-type-variable"},"_links":{"self":[{"href":"https:\/\/hartizan.hicham.agency\/fr\/wp-json\/wp\/v2\/product\/3266","targetHints":{"allow":["GET"]}}],"collection":[{"href":"https:\/\/hartizan.hicham.agency\/fr\/wp-json\/wp\/v2\/product"}],"about":[{"href":"https:\/\/hartizan.hicham.agency\/fr\/wp-json\/wp\/v2\/types\/product"}],"version-history":[{"count":3,"href":"https:\/\/hartizan.hicham.agency\/fr\/wp-json\/wp\/v2\/product\/3266\/revisions"}],"predecessor-version":[{"id":3541,"href":"https:\/\/hartizan.hicham.agency\/fr\/wp-json\/wp\/v2\/product\/3266\/revisions\/3541"}],"wp:featuredmedia":[{"embeddable":true,"href":"https:\/\/hartizan.hicham.agency\/fr\/wp-json\/wp\/v2\/media\/3542"}],"wp:attachment":[{"href":"https:\/\/hartizan.hicham.agency\/fr\/wp-json\/wp\/v2\/media?parent=3266"}],"wp:term":[{"taxonomy":"product_brand","embeddable":true,"href":"https:\/\/hartizan.hicham.agency\/fr\/wp-json\/wp\/v2\/product_brand?post=3266"},{"taxonomy":"product_cat","embeddable":true,"href":"https:\/\/hartizan.hicham.agency\/fr\/wp-json\/wp\/v2\/product_cat?post=3266"},{"taxonomy":"product_tag","embeddable":true,"href":"https:\/\/hartizan.hicham.agency\/fr\/wp-json\/wp\/v2\/product_tag?post=3266"}],"curies":[{"name":"wp","href":"https:\/\/api.w.org\/{rel}","templated":true}]}}