{"id":3268,"date":"2025-11-05T22:16:15","date_gmt":"2025-11-05T21:16:15","guid":{"rendered":"https:\/\/hartizanedesign.com\/produit\/roberto-lit\/"},"modified":"2025-11-15T18:08:51","modified_gmt":"2025-11-15T17:08:51","slug":"roberto-lit","status":"publish","type":"product","link":"https:\/\/hartizan.hicham.agency\/fr\/produit\/roberto-lit\/","title":{"rendered":"Roberto"},"content":{"rendered":"<p>D\u00e9couvrez le lit Roberto de H\u2019artizane Design, une combinaison d'\u00e9l\u00e9gance et de durabilit\u00e9. Avec une t\u00eate de lit et un sommier en bois massif, et des pieds en bois de h\u00eatre massif teint\u00e9, il offre une esth\u00e9tique sophistiqu\u00e9e. Son rev\u00eatement en tissu trait\u00e9 anti-taches sur les c\u00f4t\u00e9s ajoute une touche de praticit\u00e9.<\/p>","protected":false},"excerpt":{"rendered":"<p>D\u00e9couvrez le lit Roberto de H\u2019artizane Design, une combinaison d'\u00e9l\u00e9gance et de durabilit\u00e9. Avec une t\u00eate de lit et un sommier en bois massif, et des pieds en bois de h\u00eatre massif teint\u00e9, il offre une esth\u00e9tique sophistiqu\u00e9e. Son rev\u00eatement en tissu trait\u00e9 anti-taches sur les c\u00f4t\u00e9s ajoute une touche de praticit\u00e9.<\/p>","protected":false},"featured_media":3539,"template":"","meta":[],"product_brand":[],"product_cat":[230],"product_tag":[],"class_list":{"0":"post-3268","1":"product","2":"type-product","3":"status-publish","4":"has-post-thumbnail","6":"product_cat-literas","8":"first","9":"instock","10":"taxable","11":"shipping-taxable","12":"purchasable","13":"product-type-simple"},"_links":{"self":[{"href":"https:\/\/hartizan.hicham.agency\/fr\/wp-json\/wp\/v2\/product\/3268","targetHints":{"allow":["GET"]}}],"collection":[{"href":"https:\/\/hartizan.hicham.agency\/fr\/wp-json\/wp\/v2\/product"}],"about":[{"href":"https:\/\/hartizan.hicham.agency\/fr\/wp-json\/wp\/v2\/types\/product"}],"version-history":[{"count":5,"href":"https:\/\/hartizan.hicham.agency\/fr\/wp-json\/wp\/v2\/product\/3268\/revisions"}],"predecessor-version":[{"id":3595,"href":"https:\/\/hartizan.hicham.agency\/fr\/wp-json\/wp\/v2\/product\/3268\/revisions\/3595"}],"wp:featuredmedia":[{"embeddable":true,"href":"https:\/\/hartizan.hicham.agency\/fr\/wp-json\/wp\/v2\/media\/3539"}],"wp:attachment":[{"href":"https:\/\/hartizan.hicham.agency\/fr\/wp-json\/wp\/v2\/media?parent=3268"}],"wp:term":[{"taxonomy":"product_brand","embeddable":true,"href":"https:\/\/hartizan.hicham.agency\/fr\/wp-json\/wp\/v2\/product_brand?post=3268"},{"taxonomy":"product_cat","embeddable":true,"href":"https:\/\/hartizan.hicham.agency\/fr\/wp-json\/wp\/v2\/product_cat?post=3268"},{"taxonomy":"product_tag","embeddable":true,"href":"https:\/\/hartizan.hicham.agency\/fr\/wp-json\/wp\/v2\/product_tag?post=3268"}],"curies":[{"name":"wp","href":"https:\/\/api.w.org\/{rel}","templated":true}]}}