{"id":3270,"date":"2025-11-05T22:16:16","date_gmt":"2025-11-05T21:16:16","guid":{"rendered":"https:\/\/hartizanedesign.com\/produit\/platinum-sleep-matelas\/"},"modified":"2026-01-18T02:46:18","modified_gmt":"2026-01-18T01:46:18","slug":"platinum-sleep-matelas","status":"publish","type":"product","link":"https:\/\/hartizan.hicham.agency\/fr\/produit\/platinum-sleep-matelas\/","title":{"rendered":"Platinum"},"content":{"rendered":"<p>Le topper est con\u00e7u avec un rembourrage de surmatelas compos\u00e9 d'une ouate de 200 g\/m\u00b2 combin\u00e9e \u00e0 une mousse flexible, offrant un confort optimal. Il int\u00e8gre une mousse \u00e0 m\u00e9moire de forme visco\u00e9lastique, ainsi qu'une mousse flexible pour un accueil doux et un bon soutien. La base est constitu\u00e9e d'une mousse D33, de quatre feutres de coton multifibre de haute densit\u00e9, de ressorts coniques, d'un isolant en feutre rigide et d'un renfort de structure pour une durabilit\u00e9 accrue. Le tissu du plateau, de 260 GSM, est orn\u00e9 du logo \u00ab S \u00bb matelass\u00e9 avec une ouate de haute qualit\u00e9. Le tissu du bord, en satin blanc, est \u00e9galement rempli d'une ouate premium pour une finition \u00e9l\u00e9gante. 90 % des mousses utilis\u00e9es dans nos matelas sont certifi\u00e9es par CERTIPUR, OEKO-TEX Standard 100 et HYGCEN, garantissant des mat\u00e9riaux s\u00fbrs, durables et sains.<\/p>","protected":false},"excerpt":{"rendered":"<p>Le topper est con\u00e7u avec un rembourrage de surmatelas compos\u00e9 d'une ouate de 200 g\/m\u00b2 combin\u00e9e \u00e0 une mousse flexible, offrant un confort optimal. Il int\u00e8gre une mousse \u00e0 m\u00e9moire de forme visco\u00e9lastique, ainsi qu'une mousse flexible pour un accueil doux et un bon soutien. La base est constitu\u00e9e d'une mousse D33, de quatre feutres de coton multifibre de haute densit\u00e9, de ressorts coniques, d'un isolant en feutre rigide et d'un renfort de structure pour une durabilit\u00e9 accrue. Le tissu du plateau, de 260 GSM, est orn\u00e9 du logo \u00ab S \u00bb matelass\u00e9 avec une ouate de haute qualit\u00e9. Le tissu du bord, en satin blanc, est \u00e9galement rempli d'une ouate premium pour une finition \u00e9l\u00e9gante. 90 % des mousses utilis\u00e9es dans nos matelas sont certifi\u00e9es par CERTIPUR, OEKO-TEX Standard 100 et HYGCEN, garantissant des mat\u00e9riaux s\u00fbrs, durables et sains.<\/p>","protected":false},"featured_media":3904,"template":"","meta":[],"product_brand":[],"product_cat":[231],"product_tag":[],"class_list":{"0":"post-3270","1":"product","2":"type-product","3":"status-publish","4":"has-post-thumbnail","6":"product_cat-colchon","8":"first","9":"instock","10":"taxable","11":"shipping-taxable","12":"purchasable","13":"product-type-simple"},"_links":{"self":[{"href":"https:\/\/hartizan.hicham.agency\/fr\/wp-json\/wp\/v2\/product\/3270","targetHints":{"allow":["GET"]}}],"collection":[{"href":"https:\/\/hartizan.hicham.agency\/fr\/wp-json\/wp\/v2\/product"}],"about":[{"href":"https:\/\/hartizan.hicham.agency\/fr\/wp-json\/wp\/v2\/types\/product"}],"version-history":[{"count":6,"href":"https:\/\/hartizan.hicham.agency\/fr\/wp-json\/wp\/v2\/product\/3270\/revisions"}],"predecessor-version":[{"id":3534,"href":"https:\/\/hartizan.hicham.agency\/fr\/wp-json\/wp\/v2\/product\/3270\/revisions\/3534"}],"wp:featuredmedia":[{"embeddable":true,"href":"https:\/\/hartizan.hicham.agency\/fr\/wp-json\/wp\/v2\/media\/3904"}],"wp:attachment":[{"href":"https:\/\/hartizan.hicham.agency\/fr\/wp-json\/wp\/v2\/media?parent=3270"}],"wp:term":[{"taxonomy":"product_brand","embeddable":true,"href":"https:\/\/hartizan.hicham.agency\/fr\/wp-json\/wp\/v2\/product_brand?post=3270"},{"taxonomy":"product_cat","embeddable":true,"href":"https:\/\/hartizan.hicham.agency\/fr\/wp-json\/wp\/v2\/product_cat?post=3270"},{"taxonomy":"product_tag","embeddable":true,"href":"https:\/\/hartizan.hicham.agency\/fr\/wp-json\/wp\/v2\/product_tag?post=3270"}],"curies":[{"name":"wp","href":"https:\/\/api.w.org\/{rel}","templated":true}]}}