{"id":3274,"date":"2025-11-05T22:16:18","date_gmt":"2025-11-05T21:16:18","guid":{"rendered":"https:\/\/hartizanedesign.com\/produit\/flixy-miroir\/"},"modified":"2025-11-15T17:55:57","modified_gmt":"2025-11-15T16:55:57","slug":"flixy-miroir","status":"publish","type":"product","link":"https:\/\/hartizan.hicham.agency\/fr\/produit\/flixy-miroir\/","title":{"rendered":"Flixy"},"content":{"rendered":"<p>Le miroir rond, d\u00e9licatement encadr\u00e9 de bois, incarne une \u00e9l\u00e9gance intemporelle qui s\u00e9duit l'observateur. Sa forme circulaire, symbole de perfection et d'harmonie, lui conf\u00e8re une aura douce et apaisante, cr\u00e9ant un point focal captivant dans n'importe quel espace.<\/p>","protected":false},"excerpt":{"rendered":"<p>Le miroir rond, d\u00e9licatement encadr\u00e9 de bois, incarne une \u00e9l\u00e9gance intemporelle qui s\u00e9duit l'observateur. Sa forme circulaire, symbole de perfection et d'harmonie, lui conf\u00e8re une aura douce et apaisante, cr\u00e9ant un point focal captivant dans n'importe quel espace.<\/p>","protected":false},"featured_media":3528,"template":"","meta":[],"product_brand":[],"product_cat":[245],"product_tag":[],"class_list":{"0":"post-3274","1":"product","2":"type-product","3":"status-publish","4":"has-post-thumbnail","6":"product_cat-espejos","8":"first","9":"instock","10":"taxable","11":"shipping-taxable","12":"purchasable","13":"product-type-simple"},"_links":{"self":[{"href":"https:\/\/hartizan.hicham.agency\/fr\/wp-json\/wp\/v2\/product\/3274","targetHints":{"allow":["GET"]}}],"collection":[{"href":"https:\/\/hartizan.hicham.agency\/fr\/wp-json\/wp\/v2\/product"}],"about":[{"href":"https:\/\/hartizan.hicham.agency\/fr\/wp-json\/wp\/v2\/types\/product"}],"version-history":[{"count":2,"href":"https:\/\/hartizan.hicham.agency\/fr\/wp-json\/wp\/v2\/product\/3274\/revisions"}],"predecessor-version":[{"id":3527,"href":"https:\/\/hartizan.hicham.agency\/fr\/wp-json\/wp\/v2\/product\/3274\/revisions\/3527"}],"wp:featuredmedia":[{"embeddable":true,"href":"https:\/\/hartizan.hicham.agency\/fr\/wp-json\/wp\/v2\/media\/3528"}],"wp:attachment":[{"href":"https:\/\/hartizan.hicham.agency\/fr\/wp-json\/wp\/v2\/media?parent=3274"}],"wp:term":[{"taxonomy":"product_brand","embeddable":true,"href":"https:\/\/hartizan.hicham.agency\/fr\/wp-json\/wp\/v2\/product_brand?post=3274"},{"taxonomy":"product_cat","embeddable":true,"href":"https:\/\/hartizan.hicham.agency\/fr\/wp-json\/wp\/v2\/product_cat?post=3274"},{"taxonomy":"product_tag","embeddable":true,"href":"https:\/\/hartizan.hicham.agency\/fr\/wp-json\/wp\/v2\/product_tag?post=3274"}],"curies":[{"name":"wp","href":"https:\/\/api.w.org\/{rel}","templated":true}]}}