{"id":3276,"date":"2025-11-05T22:16:19","date_gmt":"2025-11-05T21:16:19","guid":{"rendered":"https:\/\/hartizanedesign.com\/produit\/bonheur-gm-bed\/"},"modified":"2025-11-09T14:50:52","modified_gmt":"2025-11-09T13:50:52","slug":"bonheur-gm-bed","status":"publish","type":"product","link":"https:\/\/hartizan.hicham.agency\/fr\/produit\/bonheur-gm-bed\/","title":{"rendered":"Bonheur GM"},"content":{"rendered":"<p>Bonheur GM de H\u2019artizane Design combine luxe et durabilit\u00e9. Sa structure en aluminium laqu\u00e9 avec une corde plate de 6 cm offre une r\u00e9sistance exceptionnelle. Le matelas en mousse HR 35\/8 et HR 21\/2 avec renfort en ABS assure un confort optimal. Le tissu ext\u00e9rieur imperm\u00e9able, anti-taches et anti-UV, con\u00e7u pour les yachts, garantit une \u00e9l\u00e9gance qui dure lors de vos moments de d\u00e9tente en plein air.<\/p>","protected":false},"excerpt":{"rendered":"<p>Bonheur GM de H\u2019artizane Design combine luxe et durabilit\u00e9. Sa structure en aluminium laqu\u00e9 avec une corde plate de 6 cm offre une r\u00e9sistance exceptionnelle. Le matelas en mousse HR 35\/8 et HR 21\/2 avec renfort en ABS assure un confort optimal. Le tissu ext\u00e9rieur imperm\u00e9able, anti-taches et anti-UV, con\u00e7u pour les yachts, garantit une \u00e9l\u00e9gance qui dure lors de vos moments de d\u00e9tente en plein air.<\/p>","protected":false},"featured_media":3275,"template":"","meta":[],"product_brand":[],"product_cat":[250],"product_tag":[],"class_list":{"0":"post-3276","1":"product","2":"type-product","3":"status-publish","4":"has-post-thumbnail","6":"product_cat-sillas-exterior","8":"first","9":"instock","10":"taxable","11":"shipping-taxable","12":"purchasable","13":"product-type-simple"},"_links":{"self":[{"href":"https:\/\/hartizan.hicham.agency\/fr\/wp-json\/wp\/v2\/product\/3276","targetHints":{"allow":["GET"]}}],"collection":[{"href":"https:\/\/hartizan.hicham.agency\/fr\/wp-json\/wp\/v2\/product"}],"about":[{"href":"https:\/\/hartizan.hicham.agency\/fr\/wp-json\/wp\/v2\/types\/product"}],"version-history":[{"count":6,"href":"https:\/\/hartizan.hicham.agency\/fr\/wp-json\/wp\/v2\/product\/3276\/revisions"}],"predecessor-version":[{"id":3598,"href":"https:\/\/hartizan.hicham.agency\/fr\/wp-json\/wp\/v2\/product\/3276\/revisions\/3598"}],"wp:featuredmedia":[{"embeddable":true,"href":"https:\/\/hartizan.hicham.agency\/fr\/wp-json\/wp\/v2\/media\/3275"}],"wp:attachment":[{"href":"https:\/\/hartizan.hicham.agency\/fr\/wp-json\/wp\/v2\/media?parent=3276"}],"wp:term":[{"taxonomy":"product_brand","embeddable":true,"href":"https:\/\/hartizan.hicham.agency\/fr\/wp-json\/wp\/v2\/product_brand?post=3276"},{"taxonomy":"product_cat","embeddable":true,"href":"https:\/\/hartizan.hicham.agency\/fr\/wp-json\/wp\/v2\/product_cat?post=3276"},{"taxonomy":"product_tag","embeddable":true,"href":"https:\/\/hartizan.hicham.agency\/fr\/wp-json\/wp\/v2\/product_tag?post=3276"}],"curies":[{"name":"wp","href":"https:\/\/api.w.org\/{rel}","templated":true}]}}