{"id":3278,"date":"2025-11-05T22:16:20","date_gmt":"2025-11-05T21:16:20","guid":{"rendered":"https:\/\/hartizanedesign.com\/produit\/maya-iroko-ensemble-dexterieur-311tb\/"},"modified":"2025-11-15T18:02:21","modified_gmt":"2025-11-15T17:02:21","slug":"maya-iroko-ensemble-dexterieur-311tb","status":"publish","type":"product","link":"https:\/\/hartizan.hicham.agency\/fr\/produit\/maya-iroko-ensemble-dexterieur-311tb\/","title":{"rendered":"Maya Iroko,3+1+1+TB"},"content":{"rendered":"<p>Un ensemble ext\u00e9rieur \u00e9l\u00e9gant et authentique<br \/>\nL'ensemble d'ext\u00e9rieur Maya Iroko se distingue par sa structure en bois massif d'Iroko, un mat\u00e9riau noble et r\u00e9sistant, parfait pour l'ext\u00e9rieur. Ce bois, naturellement durable et esth\u00e9tiquement raffin\u00e9, apporte une touche d'authenticit\u00e9 et de chaleur \u00e0 vos espaces ext\u00e9rieurs. Que ce soit pour une terrasse, un jardin ou un balcon, cet ensemble allie robustesse et \u00e9l\u00e9gance pour valoriser votre environnement ext\u00e9rieur. Les matelas de l'ensemble Maya Iroko sont \u00e9quip\u00e9s de mousse D33\/10, combin\u00e9e \u00e0 la technologie MG 4000 x 2, offrant un confort sup\u00e9rieur et un soutien optimal. La flexibilit\u00e9 bleue, ainsi que la bande D22\/3 et la ouate 300, garantissent un si\u00e8ge agr\u00e9able et durable. De plus, le tissu imperm\u00e9able prot\u00e8ge contre les intemp\u00e9ries, permettant une utilisation prolong\u00e9e en ext\u00e9rieur sans souci. Pour compl\u00e9ter l'ensemble, choisissez des accessoires d\u00e9coratifs de ton naturel afin de renforcer l'harmonie et le confort de votre espace.<\/p>","protected":false},"excerpt":{"rendered":"<p>Un ensemble ext\u00e9rieur \u00e9l\u00e9gant et authentique<br \/>\nL'ensemble d'ext\u00e9rieur Maya Iroko se distingue par sa structure en bois massif d'Iroko, un mat\u00e9riau noble et r\u00e9sistant, parfait pour l'ext\u00e9rieur. Ce bois, naturellement durable et esth\u00e9tiquement raffin\u00e9, apporte une touche d'authenticit\u00e9 et de chaleur \u00e0 vos espaces ext\u00e9rieurs. Que ce soit pour une terrasse, un jardin ou un balcon, cet ensemble allie robustesse et \u00e9l\u00e9gance pour valoriser votre environnement ext\u00e9rieur. Les matelas de l'ensemble Maya Iroko sont \u00e9quip\u00e9s de mousse D33\/10, combin\u00e9e \u00e0 la technologie MG 4000 x 2, offrant un confort sup\u00e9rieur et un soutien optimal. La flexibilit\u00e9 bleue, ainsi que la bande D22\/3 et la ouate 300, garantissent un si\u00e8ge agr\u00e9able et durable. De plus, le tissu imperm\u00e9able prot\u00e8ge contre les intemp\u00e9ries, permettant une utilisation prolong\u00e9e en ext\u00e9rieur sans souci. Pour compl\u00e9ter l'ensemble, choisissez des accessoires d\u00e9coratifs de ton naturel afin de renforcer l'harmonie et le confort de votre espace.<\/p>","protected":false},"featured_media":3520,"template":"","meta":[],"product_brand":[],"product_cat":[248],"product_tag":[],"class_list":{"0":"post-3278","1":"product","2":"type-product","3":"status-publish","4":"has-post-thumbnail","6":"product_cat-pack-salon-exterior","8":"first","9":"instock","10":"taxable","11":"shipping-taxable","12":"purchasable","13":"product-type-simple"},"_links":{"self":[{"href":"https:\/\/hartizan.hicham.agency\/fr\/wp-json\/wp\/v2\/product\/3278","targetHints":{"allow":["GET"]}}],"collection":[{"href":"https:\/\/hartizan.hicham.agency\/fr\/wp-json\/wp\/v2\/product"}],"about":[{"href":"https:\/\/hartizan.hicham.agency\/fr\/wp-json\/wp\/v2\/types\/product"}],"version-history":[{"count":4,"href":"https:\/\/hartizan.hicham.agency\/fr\/wp-json\/wp\/v2\/product\/3278\/revisions"}],"predecessor-version":[{"id":3522,"href":"https:\/\/hartizan.hicham.agency\/fr\/wp-json\/wp\/v2\/product\/3278\/revisions\/3522"}],"wp:featuredmedia":[{"embeddable":true,"href":"https:\/\/hartizan.hicham.agency\/fr\/wp-json\/wp\/v2\/media\/3520"}],"wp:attachment":[{"href":"https:\/\/hartizan.hicham.agency\/fr\/wp-json\/wp\/v2\/media?parent=3278"}],"wp:term":[{"taxonomy":"product_brand","embeddable":true,"href":"https:\/\/hartizan.hicham.agency\/fr\/wp-json\/wp\/v2\/product_brand?post=3278"},{"taxonomy":"product_cat","embeddable":true,"href":"https:\/\/hartizan.hicham.agency\/fr\/wp-json\/wp\/v2\/product_cat?post=3278"},{"taxonomy":"product_tag","embeddable":true,"href":"https:\/\/hartizan.hicham.agency\/fr\/wp-json\/wp\/v2\/product_tag?post=3278"}],"curies":[{"name":"wp","href":"https:\/\/api.w.org\/{rel}","templated":true}]}}