{"id":3280,"date":"2025-11-05T22:16:21","date_gmt":"2025-11-05T21:16:21","guid":{"rendered":"https:\/\/hartizanedesign.com\/produit\/avensis-transat\/"},"modified":"2025-11-22T12:41:28","modified_gmt":"2025-11-22T11:41:28","slug":"avensis-transat","status":"publish","type":"product","link":"https:\/\/hartizan.hicham.agency\/fr\/produit\/avensis-transat\/","title":{"rendered":"Avensis"},"content":{"rendered":"<p>Qui peut dire non \u00e0 une longue session de bronzage sur une chaise longue tr\u00e8s relaxante, en absorbant les beaux rayons du soleil ?<\/p>\n<p>Eh bien, Avensis est la r\u00e9ponse \u00e0 votre d\u00e9sir !<\/p>\n<p>Non seulement il est incroyablement flexible avec son option de multiples positions, mais il est \u00e9galement tr\u00e8s confortable, parfait pour se d\u00e9tendre en un instant.<\/p>","protected":false},"excerpt":{"rendered":"<p>Qui peut dire non \u00e0 une longue session de bronzage sur une chaise longue tr\u00e8s relaxante, en absorbant les beaux rayons du soleil ?<\/p>\n<p>Eh bien, Avensis est la r\u00e9ponse \u00e0 votre d\u00e9sir !<\/p>\n<p>Non seulement il est incroyablement flexible avec son option de multiples positions, mais il est \u00e9galement tr\u00e8s confortable, parfait pour se d\u00e9tendre en un instant.<\/p>","protected":false},"featured_media":3515,"template":"","meta":[],"product_brand":[],"product_cat":[251],"product_tag":[],"class_list":{"0":"post-3280","1":"product","2":"type-product","3":"status-publish","4":"has-post-thumbnail","6":"product_cat-tumbonas","8":"first","9":"instock","10":"taxable","11":"shipping-taxable","12":"purchasable","13":"product-type-simple"},"_links":{"self":[{"href":"https:\/\/hartizan.hicham.agency\/fr\/wp-json\/wp\/v2\/product\/3280","targetHints":{"allow":["GET"]}}],"collection":[{"href":"https:\/\/hartizan.hicham.agency\/fr\/wp-json\/wp\/v2\/product"}],"about":[{"href":"https:\/\/hartizan.hicham.agency\/fr\/wp-json\/wp\/v2\/types\/product"}],"version-history":[{"count":3,"href":"https:\/\/hartizan.hicham.agency\/fr\/wp-json\/wp\/v2\/product\/3280\/revisions"}],"predecessor-version":[{"id":3717,"href":"https:\/\/hartizan.hicham.agency\/fr\/wp-json\/wp\/v2\/product\/3280\/revisions\/3717"}],"wp:featuredmedia":[{"embeddable":true,"href":"https:\/\/hartizan.hicham.agency\/fr\/wp-json\/wp\/v2\/media\/3515"}],"wp:attachment":[{"href":"https:\/\/hartizan.hicham.agency\/fr\/wp-json\/wp\/v2\/media?parent=3280"}],"wp:term":[{"taxonomy":"product_brand","embeddable":true,"href":"https:\/\/hartizan.hicham.agency\/fr\/wp-json\/wp\/v2\/product_brand?post=3280"},{"taxonomy":"product_cat","embeddable":true,"href":"https:\/\/hartizan.hicham.agency\/fr\/wp-json\/wp\/v2\/product_cat?post=3280"},{"taxonomy":"product_tag","embeddable":true,"href":"https:\/\/hartizan.hicham.agency\/fr\/wp-json\/wp\/v2\/product_tag?post=3280"}],"curies":[{"name":"wp","href":"https:\/\/api.w.org\/{rel}","templated":true}]}}