{"id":3286,"date":"2025-11-05T22:16:23","date_gmt":"2025-11-05T21:16:23","guid":{"rendered":"https:\/\/hartizanedesign.com\/produit\/milo-salon-en-l\/"},"modified":"2025-11-23T13:24:07","modified_gmt":"2025-11-23T12:24:07","slug":"milo-salon-en-l","status":"publish","type":"product","link":"https:\/\/hartizan.hicham.agency\/fr\/produit\/milo-salon-en-l\/","title":{"rendered":"Milo, L"},"content":{"rendered":"<p>Le Salon \u00e0 L MILO : Charme et Solidit\u00e9<\/p>\n<p>Le Salon d'angle en forme de L MILO est un incontournable qui allie robustesse et design moderne. Sa structure en bois massif lui conf\u00e8re une stabilit\u00e9 exceptionnelle tout en ajoutant une touche d'\u00e9l\u00e9gance naturelle. Con\u00e7u pour durer, ce canap\u00e9 rend hommage \u00e0 la simplicit\u00e9 raffin\u00e9e, id\u00e9al pour sublimer votre espace de vie avec sa silhouette imposante et ses lignes \u00e9pur\u00e9es. Offrant un \u00e9quilibre parfait entre esth\u00e9tique et fonctionnalit\u00e9, le MILO est con\u00e7u pour devenir le centre d'attention de votre salon.<\/p>","protected":false},"excerpt":{"rendered":"<p>Le Salon \u00e0 L MILO : Charme et Solidit\u00e9<\/p>\n<p>Le Salon d'angle en forme de L MILO est un incontournable qui allie robustesse et design moderne. Sa structure en bois massif lui conf\u00e8re une stabilit\u00e9 exceptionnelle tout en ajoutant une touche d'\u00e9l\u00e9gance naturelle. Con\u00e7u pour durer, ce canap\u00e9 rend hommage \u00e0 la simplicit\u00e9 raffin\u00e9e, id\u00e9al pour sublimer votre espace de vie avec sa silhouette imposante et ses lignes \u00e9pur\u00e9es. Offrant un \u00e9quilibre parfait entre esth\u00e9tique et fonctionnalit\u00e9, le MILO est con\u00e7u pour devenir le centre d'attention de votre salon.<\/p>","protected":false},"featured_media":3506,"template":"","meta":[],"product_brand":[],"product_cat":[226],"product_tag":[],"class_list":{"0":"post-3286","1":"product","2":"type-product","3":"status-publish","4":"has-post-thumbnail","6":"product_cat-salon-l","8":"first","9":"instock","10":"taxable","11":"shipping-taxable","12":"purchasable","13":"product-type-variable"},"_links":{"self":[{"href":"https:\/\/hartizan.hicham.agency\/fr\/wp-json\/wp\/v2\/product\/3286","targetHints":{"allow":["GET"]}}],"collection":[{"href":"https:\/\/hartizan.hicham.agency\/fr\/wp-json\/wp\/v2\/product"}],"about":[{"href":"https:\/\/hartizan.hicham.agency\/fr\/wp-json\/wp\/v2\/types\/product"}],"version-history":[{"count":3,"href":"https:\/\/hartizan.hicham.agency\/fr\/wp-json\/wp\/v2\/product\/3286\/revisions"}],"predecessor-version":[{"id":3505,"href":"https:\/\/hartizan.hicham.agency\/fr\/wp-json\/wp\/v2\/product\/3286\/revisions\/3505"}],"wp:featuredmedia":[{"embeddable":true,"href":"https:\/\/hartizan.hicham.agency\/fr\/wp-json\/wp\/v2\/media\/3506"}],"wp:attachment":[{"href":"https:\/\/hartizan.hicham.agency\/fr\/wp-json\/wp\/v2\/media?parent=3286"}],"wp:term":[{"taxonomy":"product_brand","embeddable":true,"href":"https:\/\/hartizan.hicham.agency\/fr\/wp-json\/wp\/v2\/product_brand?post=3286"},{"taxonomy":"product_cat","embeddable":true,"href":"https:\/\/hartizan.hicham.agency\/fr\/wp-json\/wp\/v2\/product_cat?post=3286"},{"taxonomy":"product_tag","embeddable":true,"href":"https:\/\/hartizan.hicham.agency\/fr\/wp-json\/wp\/v2\/product_tag?post=3286"}],"curies":[{"name":"wp","href":"https:\/\/api.w.org\/{rel}","templated":true}]}}