{"id":3288,"date":"2025-11-05T22:16:24","date_gmt":"2025-11-05T21:16:24","guid":{"rendered":"https:\/\/hartizanedesign.com\/produit\/dune-pm-salon-en-l\/"},"modified":"2025-11-23T13:22:19","modified_gmt":"2025-11-23T12:22:19","slug":"dune-pm-salon-en-l","status":"publish","type":"product","link":"https:\/\/hartizan.hicham.agency\/fr\/produit\/dune-pm-salon-en-l\/","title":{"rendered":"Dune PM"},"content":{"rendered":"<p>Le salon d'angle Dune est un meuble spacieux et \u00e9l\u00e9gant. Avec ses si\u00e8ges larges et son tissu de qualit\u00e9, il offre un confort optimal pour se d\u00e9tendre en famille ou entre amis. Son design moderne et \u00e9pur\u00e9 s'adapte \u00e0 tous les styles de d\u00e9coration. Caract\u00e9ristiques : Structure en bois massif. Sangles doubles. Remplissage avec ressorts ensach\u00e9s et mousse de densit\u00e9 33. Rev\u00eatement en tissu trait\u00e9 anti-trace. Pieds en h\u00eatre massif.<\/p>","protected":false},"excerpt":{"rendered":"<p>Le salon d'angle Dune est un meuble spacieux et \u00e9l\u00e9gant. Avec ses si\u00e8ges larges et son tissu de qualit\u00e9, il offre un confort optimal pour se d\u00e9tendre en famille ou entre amis. Son design moderne et \u00e9pur\u00e9 s'adapte \u00e0 tous les styles de d\u00e9coration. Caract\u00e9ristiques : Structure en bois massif. Sangles doubles. Remplissage avec ressorts ensach\u00e9s et mousse de densit\u00e9 33. Rev\u00eatement en tissu trait\u00e9 anti-trace. Pieds en h\u00eatre massif.<\/p>","protected":false},"featured_media":3503,"template":"","meta":[],"product_brand":[],"product_cat":[226],"product_tag":[],"class_list":{"0":"post-3288","1":"product","2":"type-product","3":"status-publish","4":"has-post-thumbnail","6":"product_cat-salon-l","8":"first","9":"instock","10":"taxable","11":"shipping-taxable","12":"purchasable","13":"product-type-variable"},"_links":{"self":[{"href":"https:\/\/hartizan.hicham.agency\/fr\/wp-json\/wp\/v2\/product\/3288","targetHints":{"allow":["GET"]}}],"collection":[{"href":"https:\/\/hartizan.hicham.agency\/fr\/wp-json\/wp\/v2\/product"}],"about":[{"href":"https:\/\/hartizan.hicham.agency\/fr\/wp-json\/wp\/v2\/types\/product"}],"version-history":[{"count":4,"href":"https:\/\/hartizan.hicham.agency\/fr\/wp-json\/wp\/v2\/product\/3288\/revisions"}],"predecessor-version":[{"id":3749,"href":"https:\/\/hartizan.hicham.agency\/fr\/wp-json\/wp\/v2\/product\/3288\/revisions\/3749"}],"wp:featuredmedia":[{"embeddable":true,"href":"https:\/\/hartizan.hicham.agency\/fr\/wp-json\/wp\/v2\/media\/3503"}],"wp:attachment":[{"href":"https:\/\/hartizan.hicham.agency\/fr\/wp-json\/wp\/v2\/media?parent=3288"}],"wp:term":[{"taxonomy":"product_brand","embeddable":true,"href":"https:\/\/hartizan.hicham.agency\/fr\/wp-json\/wp\/v2\/product_brand?post=3288"},{"taxonomy":"product_cat","embeddable":true,"href":"https:\/\/hartizan.hicham.agency\/fr\/wp-json\/wp\/v2\/product_cat?post=3288"},{"taxonomy":"product_tag","embeddable":true,"href":"https:\/\/hartizan.hicham.agency\/fr\/wp-json\/wp\/v2\/product_tag?post=3288"}],"curies":[{"name":"wp","href":"https:\/\/api.w.org\/{rel}","templated":true}]}}