{"id":3292,"date":"2025-11-05T22:16:26","date_gmt":"2025-11-05T21:16:26","guid":{"rendered":"https:\/\/hartizanedesign.com\/produit\/moha-bureau\/"},"modified":"2025-11-08T08:55:56","modified_gmt":"2025-11-08T07:55:56","slug":"moha-bureau","status":"publish","type":"product","link":"https:\/\/hartizan.hicham.agency\/fr\/produit\/moha-bureau\/","title":{"rendered":"Moha"},"content":{"rendered":"<p>Bureau MOHA : une alliance de robustesse et d'\u00e9l\u00e9gance<br \/>\nLe bureau MOHA se distingue par sa structure en panneau CP avec placage ch\u00eane, une combinaison parfaite de solidit\u00e9 et d'esth\u00e9tique. Son design \u00e9pur\u00e9 et moderne met en valeur la chaleur naturelle du ch\u00eane, cr\u00e9ant un environnement de travail accueillant et agr\u00e9able. Son apparence sobre et raffin\u00e9e s'adapte \u00e0 de nombreux styles d'int\u00e9rieur, offrant une touche de sophistication \u00e0 votre espace professionnel. L'aspect du ch\u00eane, v\u00e9ritable symbole de durabilit\u00e9, conf\u00e8re \u00e0 ce bureau une r\u00e9sistance \u00e0 toute \u00e9preuve, tout en embellissant votre bureau d'une touche de caract\u00e8re.<\/p>","protected":false},"excerpt":{"rendered":"<p>Bureau MOHA : une alliance de robustesse et d'\u00e9l\u00e9gance<br \/>\nLe bureau MOHA se distingue par sa structure en panneau CP avec placage ch\u00eane, une combinaison parfaite de solidit\u00e9 et d'esth\u00e9tique. Son design \u00e9pur\u00e9 et moderne met en valeur la chaleur naturelle du ch\u00eane, cr\u00e9ant un environnement de travail accueillant et agr\u00e9able. Son apparence sobre et raffin\u00e9e s'adapte \u00e0 de nombreux styles d'int\u00e9rieur, offrant une touche de sophistication \u00e0 votre espace professionnel. L'aspect du ch\u00eane, v\u00e9ritable symbole de durabilit\u00e9, conf\u00e8re \u00e0 ce bureau une r\u00e9sistance \u00e0 toute \u00e9preuve, tout en embellissant votre bureau d'une touche de caract\u00e8re.<\/p>","protected":false},"featured_media":3492,"template":"","meta":[],"product_brand":[],"product_cat":[243],"product_tag":[],"class_list":{"0":"post-3292","1":"product","2":"type-product","3":"status-publish","4":"has-post-thumbnail","6":"product_cat-consoles","8":"first","9":"instock","10":"taxable","11":"shipping-taxable","12":"purchasable","13":"product-type-simple"},"_links":{"self":[{"href":"https:\/\/hartizan.hicham.agency\/fr\/wp-json\/wp\/v2\/product\/3292","targetHints":{"allow":["GET"]}}],"collection":[{"href":"https:\/\/hartizan.hicham.agency\/fr\/wp-json\/wp\/v2\/product"}],"about":[{"href":"https:\/\/hartizan.hicham.agency\/fr\/wp-json\/wp\/v2\/types\/product"}],"version-history":[{"count":3,"href":"https:\/\/hartizan.hicham.agency\/fr\/wp-json\/wp\/v2\/product\/3292\/revisions"}],"predecessor-version":[{"id":3494,"href":"https:\/\/hartizan.hicham.agency\/fr\/wp-json\/wp\/v2\/product\/3292\/revisions\/3494"}],"wp:featuredmedia":[{"embeddable":true,"href":"https:\/\/hartizan.hicham.agency\/fr\/wp-json\/wp\/v2\/media\/3492"}],"wp:attachment":[{"href":"https:\/\/hartizan.hicham.agency\/fr\/wp-json\/wp\/v2\/media?parent=3292"}],"wp:term":[{"taxonomy":"product_brand","embeddable":true,"href":"https:\/\/hartizan.hicham.agency\/fr\/wp-json\/wp\/v2\/product_brand?post=3292"},{"taxonomy":"product_cat","embeddable":true,"href":"https:\/\/hartizan.hicham.agency\/fr\/wp-json\/wp\/v2\/product_cat?post=3292"},{"taxonomy":"product_tag","embeddable":true,"href":"https:\/\/hartizan.hicham.agency\/fr\/wp-json\/wp\/v2\/product_tag?post=3292"}],"curies":[{"name":"wp","href":"https:\/\/api.w.org\/{rel}","templated":true}]}}