{"id":3294,"date":"2025-11-05T22:16:27","date_gmt":"2025-11-05T21:16:27","guid":{"rendered":"https:\/\/hartizanedesign.com\/produit\/elite-table-basse\/"},"modified":"2025-11-10T01:42:48","modified_gmt":"2025-11-10T00:42:48","slug":"elite-table-basse","status":"publish","type":"product","link":"https:\/\/hartizan.hicham.agency\/fr\/produit\/elite-table-basse\/","title":{"rendered":"Elite"},"content":{"rendered":"<p>Futuriste !<br \/>\n\u00c0 la fois sophistiqu\u00e9e et moderne, cette table basse appel\u00e9e Elite se distingue par son design futuriste impressionnant, sa petite cravate amovible lui ajoute une touche de sophistication supr\u00eame et utile qui peut \u00e9galement servir de table d'appoint.<\/p>","protected":false},"excerpt":{"rendered":"<p>Futuriste !<br \/>\n\u00c0 la fois sophistiqu\u00e9e et moderne, cette table basse appel\u00e9e Elite se distingue par son design futuriste impressionnant, sa petite cravate amovible lui ajoute une touche de sophistication supr\u00eame et utile qui peut \u00e9galement servir de table d'appoint.<\/p>","protected":false},"featured_media":3293,"template":"","meta":[],"product_brand":[],"product_cat":[236],"product_tag":[],"class_list":{"0":"post-3294","1":"product","2":"type-product","3":"status-publish","4":"has-post-thumbnail","6":"product_cat-mesas-de-centro","8":"first","9":"instock","10":"taxable","11":"shipping-taxable","12":"purchasable","13":"product-type-simple"},"_links":{"self":[{"href":"https:\/\/hartizan.hicham.agency\/fr\/wp-json\/wp\/v2\/product\/3294","targetHints":{"allow":["GET"]}}],"collection":[{"href":"https:\/\/hartizan.hicham.agency\/fr\/wp-json\/wp\/v2\/product"}],"about":[{"href":"https:\/\/hartizan.hicham.agency\/fr\/wp-json\/wp\/v2\/types\/product"}],"version-history":[{"count":4,"href":"https:\/\/hartizan.hicham.agency\/fr\/wp-json\/wp\/v2\/product\/3294\/revisions"}],"predecessor-version":[{"id":3491,"href":"https:\/\/hartizan.hicham.agency\/fr\/wp-json\/wp\/v2\/product\/3294\/revisions\/3491"}],"wp:featuredmedia":[{"embeddable":true,"href":"https:\/\/hartizan.hicham.agency\/fr\/wp-json\/wp\/v2\/media\/3293"}],"wp:attachment":[{"href":"https:\/\/hartizan.hicham.agency\/fr\/wp-json\/wp\/v2\/media?parent=3294"}],"wp:term":[{"taxonomy":"product_brand","embeddable":true,"href":"https:\/\/hartizan.hicham.agency\/fr\/wp-json\/wp\/v2\/product_brand?post=3294"},{"taxonomy":"product_cat","embeddable":true,"href":"https:\/\/hartizan.hicham.agency\/fr\/wp-json\/wp\/v2\/product_cat?post=3294"},{"taxonomy":"product_tag","embeddable":true,"href":"https:\/\/hartizan.hicham.agency\/fr\/wp-json\/wp\/v2\/product_tag?post=3294"}],"curies":[{"name":"wp","href":"https:\/\/api.w.org\/{rel}","templated":true}]}}