{"id":3296,"date":"2025-11-05T22:16:28","date_gmt":"2025-11-05T21:16:28","guid":{"rendered":"https:\/\/hartizanedesign.com\/produit\/milan-table-de-salle-a-manger\/"},"modified":"2025-11-10T14:53:24","modified_gmt":"2025-11-10T13:53:24","slug":"milan-table-de-salle-a-manger","status":"publish","type":"product","link":"https:\/\/hartizan.hicham.agency\/fr\/produit\/milan-table-de-salle-a-manger\/","title":{"rendered":"Milan"},"content":{"rendered":"<p>Elegancia y modernidad<\/p>\n<p>La mesa de comedor Mil\u00e1n es la encarnaci\u00f3n perfecta del refinamiento moderno. Con su superficie de cer\u00e1mica, se distingue por una apariencia elegante, realzada por un soporte de madera chapada en nogal. Esta armoniosa combinaci\u00f3n de materiales crea un efecto visual cautivador, que combina sofisticaci\u00f3n y solidez. La cer\u00e1mica, conocida por su durabilidad y estilo chic, se acent\u00faa con el rico tono de la madera de nogal, aportando un toque de lujo y estabilidad a esta pieza central de su comedor.<\/p>","protected":false},"excerpt":{"rendered":"<p>\u00c9l\u00e9gance et modernit\u00e9<\/p>\n<p>La table \u00e0 manger Milan est l'incarnation parfaite de la sophistication moderne. Avec son plateau en c\u00e9ramique, elle se distingue par une surface \u00e9l\u00e9gante, mise en valeur par un support en bois plaqu\u00e9 noyer. Cette combinaison harmonieuse de mat\u00e9riaux cr\u00e9e un effet visuel captivant, alliant sophistication et solidit\u00e9. La c\u00e9ramique, connue pour sa durabilit\u00e9 et son style chic, est accentu\u00e9e par la richesse de la teinte du bois de noyer, apportant une touche de luxe et de stabilit\u00e9 \u00e0 cette pi\u00e8ce ma\u00eetresse de votre salle \u00e0 manger.<\/p>","protected":false},"featured_media":3483,"template":"","meta":[],"product_brand":[],"product_cat":[237],"product_tag":[],"class_list":{"0":"post-3296","1":"product","2":"type-product","3":"status-publish","4":"has-post-thumbnail","6":"product_cat-mesas-de-comedor","8":"first","9":"instock","10":"taxable","11":"shipping-taxable","12":"purchasable","13":"product-type-simple"},"_links":{"self":[{"href":"https:\/\/hartizan.hicham.agency\/fr\/wp-json\/wp\/v2\/product\/3296","targetHints":{"allow":["GET"]}}],"collection":[{"href":"https:\/\/hartizan.hicham.agency\/fr\/wp-json\/wp\/v2\/product"}],"about":[{"href":"https:\/\/hartizan.hicham.agency\/fr\/wp-json\/wp\/v2\/types\/product"}],"version-history":[{"count":6,"href":"https:\/\/hartizan.hicham.agency\/fr\/wp-json\/wp\/v2\/product\/3296\/revisions"}],"predecessor-version":[{"id":3747,"href":"https:\/\/hartizan.hicham.agency\/fr\/wp-json\/wp\/v2\/product\/3296\/revisions\/3747"}],"wp:featuredmedia":[{"embeddable":true,"href":"https:\/\/hartizan.hicham.agency\/fr\/wp-json\/wp\/v2\/media\/3483"}],"wp:attachment":[{"href":"https:\/\/hartizan.hicham.agency\/fr\/wp-json\/wp\/v2\/media?parent=3296"}],"wp:term":[{"taxonomy":"product_brand","embeddable":true,"href":"https:\/\/hartizan.hicham.agency\/fr\/wp-json\/wp\/v2\/product_brand?post=3296"},{"taxonomy":"product_cat","embeddable":true,"href":"https:\/\/hartizan.hicham.agency\/fr\/wp-json\/wp\/v2\/product_cat?post=3296"},{"taxonomy":"product_tag","embeddable":true,"href":"https:\/\/hartizan.hicham.agency\/fr\/wp-json\/wp\/v2\/product_tag?post=3296"}],"curies":[{"name":"wp","href":"https:\/\/api.w.org\/{rel}","templated":true}]}}